{"id":11,"date":"2023-01-25T12:52:29","date_gmt":"2023-01-25T12:52:29","guid":{"rendered":"https:\/\/www.fundatech.org\/lp-term-conditions\/"},"modified":"2023-09-29T04:01:08","modified_gmt":"2023-09-29T04:01:08","slug":"terminos-condiciones","status":"publish","type":"page","link":"https:\/\/www.fundatech.org\/en\/terminos-condiciones\/","title":{"rendered":"Terms and Conditions"},"content":{"rendered":"<p>Effective July 1, 2023<\/p>\n\n\n\n<h4 class=\"wp-block-heading\">1. <strong>Acceptance of Terms<\/strong><\/h4>\n\n\n\n<p>By accessing or using the FUNDATECH, INC. website, you agree to be bound by these Terms and Conditions. If you do not agree to any part of the terms, you may not access the website.<\/p>\n\n\n\n<h4 class=\"wp-block-heading\">2. <strong>Modifications to the Terms<\/strong><\/h4>\n\n\n\n<p>FUNDATECH, INC. reserves the right to change, modify or revise these Terms and Conditions at any time. Your continued use of the website following the posting of any changes constitutes acceptance of those changes.<\/p>\n\n\n\n<h4 class=\"wp-block-heading\">3. <strong>Use of the Web Site<\/strong><\/h4>\n\n\n\n<p>Users agree to use the website only for lawful purposes and will not engage in any activity that could damage, overburden, or impair the website or interfere with any other party's use and enjoyment of the website.<\/p>\n\n\n\n<h4 class=\"wp-block-heading\">4. <strong>Intellectual Property Rights<\/strong><\/h4>\n\n\n\n<p>All content, logos, graphics, pages, scripts and service names included in or available through any FUNDATECH, INC. service are the property of FUNDATECH, INC. or its content suppliers and are protected by United States and international copyright laws.<\/p>\n\n\n\n<h4 class=\"wp-block-heading\">5. <strong>User Accounts<\/strong><\/h4>\n\n\n\n<p>If you create an account on the website, you are responsible for maintaining the confidentiality of your account and password and for restricting access to your computer.<\/p>\n\n\n\n<h4 class=\"wp-block-heading\">6. <strong>Limitation of Liability<\/strong><\/h4>\n\n\n\n<p>In no event shall FUNDATECH, INC. or its directors, employees, partners, agents, suppliers or affiliates be liable for any indirect, incidental, special, consequential or punitive damages, including, without limitation, loss of profits, data, use, goodwill or other intangible losses.<\/p>\n\n\n\n<h4 class=\"wp-block-heading\">7. <strong>Indemnification<\/strong><\/h4>\n\n\n\n<p>You agree to defend, indemnify and hold harmless FUNDATECH, INC. and its licensors and licensees, and their employees, contractors, agents, officers and directors, from and against any and all claims, damages, obligations, losses, liabilities, costs or debts, and expenses.<\/p>\n\n\n\n<h4 class=\"wp-block-heading\">8. <strong>Applicable Law<\/strong><\/h4>\n\n\n\n<p>These Terms shall be governed by and construed in accordance with the laws of Puerto Rico, without regard to its conflict of laws provisions.<\/p>\n\n\n\n<h4 class=\"wp-block-heading\">9. <strong>Contact Information<\/strong><\/h4>\n\n\n\n<p>For any questions regarding these Terms and Conditions, please contact us at privacy@fundatech.org.<\/p>","protected":false},"excerpt":{"rendered":"<p>Efectivo desde el 1 de julio de 2023 1. Aceptaci\u00f3n de los T\u00e9rminos Al acceder o utilizar el sitio web de FUNDATECH, INC., usted acepta estar vinculado por estos T\u00e9rminos y Condiciones. Si no est\u00e1 de acuerdo con alguna parte de los t\u00e9rminos, no podr\u00e1 acceder al sitio web. 2. Modificaciones a los T\u00e9rminos FUNDATECH, INC. se reserva el derecho de cambiar, modificar o revisar&#8230; <\/p>\n<p class=\"more\"><a class=\"more-link\" href=\"https:\/\/www.fundatech.org\/en\/terminos-condiciones\/\">Read More<\/a><\/p>","protected":false},"author":1,"featured_media":0,"parent":0,"menu_order":0,"comment_status":"closed","ping_status":"closed","template":"","meta":{"footnotes":""},"class_list":["post-11","page","type-page","status-publish","hentry","is-cat-link-line-before"],"jetpack_sharing_enabled":true,"_links":{"self":[{"href":"https:\/\/www.fundatech.org\/en\/wp-json\/wp\/v2\/pages\/11","targetHints":{"allow":["GET"]}}],"collection":[{"href":"https:\/\/www.fundatech.org\/en\/wp-json\/wp\/v2\/pages"}],"about":[{"href":"https:\/\/www.fundatech.org\/en\/wp-json\/wp\/v2\/types\/page"}],"author":[{"embeddable":true,"href":"https:\/\/www.fundatech.org\/en\/wp-json\/wp\/v2\/users\/1"}],"replies":[{"embeddable":true,"href":"https:\/\/www.fundatech.org\/en\/wp-json\/wp\/v2\/comments?post=11"}],"version-history":[{"count":3,"href":"https:\/\/www.fundatech.org\/en\/wp-json\/wp\/v2\/pages\/11\/revisions"}],"predecessor-version":[{"id":4650,"href":"https:\/\/www.fundatech.org\/en\/wp-json\/wp\/v2\/pages\/11\/revisions\/4650"}],"wp:attachment":[{"href":"https:\/\/www.fundatech.org\/en\/wp-json\/wp\/v2\/media?parent=11"}],"curies":[{"name":"wp","href":"https:\/\/api.w.org\/{rel}","templated":true}]}}